{"id":142,"date":"2023-07-20T23:24:55","date_gmt":"2023-07-21T02:24:55","guid":{"rendered":"https:\/\/planilhasdorobert.com.br\/?post_type=product&#038;p=142"},"modified":"2023-07-27T20:45:46","modified_gmt":"2023-07-27T23:45:46","slug":"pacote-de-acompanhamento-financeiro","status":"publish","type":"product","link":"https:\/\/planilhasdorobert.com.br\/?product=pacote-de-acompanhamento-financeiro","title":{"rendered":"Pacote de Acompanhamento Financeiro"},"content":{"rendered":"<h2><em><strong>O pacote inclui 2 produtos<\/strong><\/em><\/h2>\n<ol>\n<li><em><strong><span style=\"color: #03a655;\">Criador de economia de emerg\u00eancia definitivo (Google Planilhas)<br \/>\n<\/span><\/strong><\/em><\/li>\n<li><em><strong><span style=\"color: #03a655;\">Criador de or\u00e7amento pessoal definitivo (Google Planilhas)<\/span><\/strong><\/em><em><strong><span style=\"color: #03a655;\"><br \/>\n<\/span><\/strong><\/em><\/li>\n<\/ol>\n<p id=\"tw-target-text\" class=\"tw-data-text tw-text-large tw-ta\" dir=\"ltr\" data-placeholder=\"Tradu\u00e7\u00e3o\"><span style=\"color: #333333;\"><strong><span class=\"Y2IQFc\" lang=\"pt\">Voc\u00ea receber\u00e1 atualiza\u00e7\u00f5es vital\u00edcias + as vers\u00f5es excel dos produtos, quando dispon\u00edveis.<\/span><\/strong><\/span><\/p>\n<h3 dir=\"ltr\" data-placeholder=\"Tradu\u00e7\u00e3o\"><span style=\"color: #000000;\"><strong>Este \u00e9 um produto digital:<\/strong><\/span><\/h3>\n","protected":false},"excerpt":{"rendered":"<ol>\n<li><em><strong>Criador de or\u00e7amento pessoal definitivo (Google Planilhas)<br \/>\n<\/strong><\/em><\/li>\n<li><em><strong>Planner de refei\u00e7\u00f5es e compras (Google Planilhas)<\/strong><\/em><\/li>\n<\/ol>\n","protected":false},"featured_media":143,"comment_status":"open","ping_status":"closed","template":"","meta":[],"product_cat":[15],"product_tag":[19,17,20,21,18],"_links":{"self":[{"href":"https:\/\/planilhasdorobert.com.br\/index.php?rest_route=\/wp\/v2\/product\/142"}],"collection":[{"href":"https:\/\/planilhasdorobert.com.br\/index.php?rest_route=\/wp\/v2\/product"}],"about":[{"href":"https:\/\/planilhasdorobert.com.br\/index.php?rest_route=\/wp\/v2\/types\/product"}],"replies":[{"embeddable":true,"href":"https:\/\/planilhasdorobert.com.br\/index.php?rest_route=%2Fwp%2Fv2%2Fcomments&post=142"}],"version-history":[{"count":1,"href":"https:\/\/planilhasdorobert.com.br\/index.php?rest_route=\/wp\/v2\/product\/142\/revisions"}],"predecessor-version":[{"id":596,"href":"https:\/\/planilhasdorobert.com.br\/index.php?rest_route=\/wp\/v2\/product\/142\/revisions\/596"}],"wp:featuredmedia":[{"embeddable":true,"href":"https:\/\/planilhasdorobert.com.br\/index.php?rest_route=\/wp\/v2\/media\/143"}],"wp:attachment":[{"href":"https:\/\/planilhasdorobert.com.br\/index.php?rest_route=%2Fwp%2Fv2%2Fmedia&parent=142"}],"wp:term":[{"taxonomy":"product_cat","embeddable":true,"href":"https:\/\/planilhasdorobert.com.br\/index.php?rest_route=%2Fwp%2Fv2%2Fproduct_cat&post=142"},{"taxonomy":"product_tag","embeddable":true,"href":"https:\/\/planilhasdorobert.com.br\/index.php?rest_route=%2Fwp%2Fv2%2Fproduct_tag&post=142"}],"curies":[{"name":"wp","href":"https:\/\/api.w.org\/{rel}","templated":true}]}}