{"id":208,"date":"2023-07-22T23:15:05","date_gmt":"2023-07-23T02:15:05","guid":{"rendered":"https:\/\/planilhasdorobert.com.br\/?post_type=product&#038;p=208"},"modified":"2023-07-31T21:04:34","modified_gmt":"2023-08-01T00:04:34","slug":"meus-11-modelos-em-1-pacote-mega-desconto","status":"publish","type":"product","link":"https:\/\/planilhasdorobert.com.br\/?product=meus-11-modelos-em-1-pacote-mega-desconto","title":{"rendered":"MEUS 11 MODELOS em 1 PACOTE [MEGA DESCONTO]"},"content":{"rendered":"<h4><span style=\"color: #000000;\"><em><strong><span class=\"Y2IQFc\" lang=\"pt\">Este pacote inclui todos os produtos de planilha na loja<\/span><\/strong><\/em><\/span><\/h4>\n<ol>\n<li><strong><span style=\"color: #339966;\"><em><span class=\"Y2IQFc\" lang=\"pt\">Planilha do Planejador de Refei\u00e7\u00f5es Inteligente<\/span><\/em><\/span><\/strong><\/li>\n<li><strong><span style=\"color: #339966;\"><em><span class=\"Y2IQFc\" lang=\"pt\">Calend\u00e1rio Automatizado Definitivo<\/span><\/em><\/span><\/strong><\/li>\n<li><strong><span style=\"color: #339966;\"><em><span class=\"Y2IQFc\" lang=\"pt\">Planilha do Definitiva Gest\u00e3o de Clientes<br \/>\n<\/span><\/em><\/span><\/strong><\/li>\n<li><strong><span style=\"color: #339966;\"><em><span class=\"Y2IQFc\" lang=\"pt\">Controle de Economia de Emerg\u00eancia Definitivo<\/span><\/em><\/span><\/strong><\/li>\n<li><strong><span style=\"color: #339966;\"><em><span class=\"Y2IQFc\" lang=\"pt\">Planilha do Controlador Fitness<\/span><\/em><\/span><\/strong><\/li>\n<li><strong><span style=\"color: #339966;\"><em><span class=\"Y2IQFc\" lang=\"pt\">Planilha Definitiva de Controle de H\u00e1bitos<\/span><\/em><\/span><\/strong><\/li>\n<li><strong><span style=\"color: #339966;\"><em><span class=\"Y2IQFc\" lang=\"pt\">Controle de Or\u00e7amento Pessoal Definitivo<\/span><\/em><\/span><\/strong><\/li>\n<li><strong><span style=\"color: #339966;\"><em><span class=\"Y2IQFc\" lang=\"pt\">Sistema Gest\u00e3o de Pequenas Empresas<br \/>\n<\/span><\/em><\/span><\/strong><\/li>\n<li><strong><span style=\"color: #339966;\"><em>Planner Semanal Definitivo<\/em><\/span><\/strong><\/li>\n<li><strong><span style=\"color: #339966;\"><em><span class=\"Y2IQFc\" lang=\"pt\">Sistemas de Controles de Plantas<br \/>\n<\/span><\/em><\/span><\/strong><\/li>\n<li><span class=\"Y2IQFc\" lang=\"pt\"><strong><span style=\"color: #339966;\"><em>Lista de Tarefas + Agenda de Ajuda<\/em><\/span><\/strong><br \/>\n<\/span><\/li>\n<\/ol>\n<p id=\"tw-target-text\" class=\"tw-data-text tw-text-large tw-ta\" dir=\"ltr\" data-placeholder=\"Tradu\u00e7\u00e3o\"><span style=\"color: #333333;\"><strong><span class=\"Y2IQFc\" lang=\"pt\">Voc\u00ea receber\u00e1 atualiza\u00e7\u00f5es vital\u00edcias + as vers\u00f5es excel dos produtos, quando dispon\u00edveis.<\/span><\/strong><\/span><\/p>\n<h4 dir=\"ltr\" data-placeholder=\"Tradu\u00e7\u00e3o\"><span style=\"color: #000000;\"><strong>Este \u00e9 um produto digital:<\/strong><\/span><\/h4>\n<p id=\"tw-target-text\" class=\"tw-data-text tw-text-large tw-ta\" dir=\"ltr\" data-placeholder=\"Tradu\u00e7\u00e3o\">\u2714\ufe0f Este \u00e9 um produto digital e voc\u00ea poder\u00e1 us\u00e1-lo imediatamente ap\u00f3s a compra.<\/p>\n<p dir=\"ltr\" data-placeholder=\"Tradu\u00e7\u00e3o\">\u2714\ufe0f Esses produtos est\u00e3o dispon\u00edveis nas planilhas do Google e voc\u00ea n\u00e3o precisa comprar produtos adicionais para poder us\u00e1-los.<\/p>\n<p dir=\"ltr\" data-placeholder=\"Tradu\u00e7\u00e3o\">\ud83c\udf89 Compre uma vez e use para sempre, voc\u00ea tem acesso vital\u00edcio ao arquivo.<\/p>\n<p dir=\"ltr\" data-placeholder=\"Tradu\u00e7\u00e3o\">\ud83d\udcaf Sem taxas extras, taxa de compras ou qualquer coisa.<\/p>\n<pre class=\"tw-data-text tw-text-large tw-ta\" dir=\"ltr\" data-placeholder=\"Tradu\u00e7\u00e3o\"><\/pre>\n<pre class=\"tw-data-text tw-text-large tw-ta\" dir=\"ltr\" data-placeholder=\"Tradu\u00e7\u00e3o\"><\/pre>\n","protected":false},"excerpt":{"rendered":"<p>Este pacote inclui todos os produtos de planilha na loja Planilha do Planejador de Refei\u00e7\u00f5es Inteligente Calend\u00e1rio Automatizado Definitivo Planilha do Definitiva Gest\u00e3o de Clientes Controle de Economia de Emerg\u00eancia Definitivo Planilha do Controlador Fitness Planilha Definitiva de Controle de H\u00e1bitos Controle de Or\u00e7amento Pessoal Definitivo Sistema Gest\u00e3o de Pequenas Empresas Planner Semanal Definitivo Sistemas [&hellip;]<\/p>\n","protected":false},"featured_media":209,"comment_status":"open","ping_status":"closed","template":"","meta":[],"product_cat":[15],"product_tag":[19,17,20,21,18],"_links":{"self":[{"href":"https:\/\/planilhasdorobert.com.br\/index.php?rest_route=\/wp\/v2\/product\/208"}],"collection":[{"href":"https:\/\/planilhasdorobert.com.br\/index.php?rest_route=\/wp\/v2\/product"}],"about":[{"href":"https:\/\/planilhasdorobert.com.br\/index.php?rest_route=\/wp\/v2\/types\/product"}],"replies":[{"embeddable":true,"href":"https:\/\/planilhasdorobert.com.br\/index.php?rest_route=%2Fwp%2Fv2%2Fcomments&post=208"}],"version-history":[{"count":4,"href":"https:\/\/planilhasdorobert.com.br\/index.php?rest_route=\/wp\/v2\/product\/208\/revisions"}],"predecessor-version":[{"id":874,"href":"https:\/\/planilhasdorobert.com.br\/index.php?rest_route=\/wp\/v2\/product\/208\/revisions\/874"}],"wp:featuredmedia":[{"embeddable":true,"href":"https:\/\/planilhasdorobert.com.br\/index.php?rest_route=\/wp\/v2\/media\/209"}],"wp:attachment":[{"href":"https:\/\/planilhasdorobert.com.br\/index.php?rest_route=%2Fwp%2Fv2%2Fmedia&parent=208"}],"wp:term":[{"taxonomy":"product_cat","embeddable":true,"href":"https:\/\/planilhasdorobert.com.br\/index.php?rest_route=%2Fwp%2Fv2%2Fproduct_cat&post=208"},{"taxonomy":"product_tag","embeddable":true,"href":"https:\/\/planilhasdorobert.com.br\/index.php?rest_route=%2Fwp%2Fv2%2Fproduct_tag&post=208"}],"curies":[{"name":"wp","href":"https:\/\/api.w.org\/{rel}","templated":true}]}}